{"id":8130,"date":"2024-10-28T15:45:35","date_gmt":"2024-10-28T14:45:35","guid":{"rendered":"https:\/\/voolcangrupo.com\/b2b-plataform\/"},"modified":"2025-11-21T12:53:14","modified_gmt":"2025-11-21T11:53:14","slug":"b2b-plataform","status":"publish","type":"page","link":"https:\/\/voolcangrupo.com\/es\/b2b-plataform\/","title":{"rendered":"B2B Plataform"},"content":{"rendered":"\t\t<div data-elementor-type=\"wp-page\" data-elementor-id=\"8130\" class=\"elementor elementor-8130 elementor-7513\">\n\t\t\t\t\t\t<section class=\"elementor-section elementor-top-section elementor-element elementor-element-f476aa3 elementor-section-full_width n-arch-container--wide elementor-section-height-default elementor-section-height-default wpr-particle-no wpr-jarallax-no wpr-parallax-no wpr-sticky-section-no\" data-id=\"f476aa3\" data-element_type=\"section\">\n\t\t\t\t\t\t<div class=\"elementor-container elementor-column-gap-no\">\n\t\t\t\t\t<div class=\"elementor-column elementor-col-50 elementor-top-column elementor-element elementor-element-ba93625\" data-id=\"ba93625\" data-element_type=\"column\">\n\t\t\t<div class=\"elementor-widget-wrap elementor-element-populated\">\n\t\t\t\t\t\t<div class=\"elementor-element elementor-element-afbc761 elementor-invisible elementor-widget elementor-widget-heading\" data-id=\"afbc761\" data-element_type=\"widget\" data-settings=\"{&quot;_animation&quot;:&quot;h-neuron-animation--tiltUp&quot;}\" data-widget_type=\"heading.default\">\n\t\t\t\t<div class=\"elementor-widget-container\">\n\t\t\t<h4 class=\"elementor-heading-title elementor-size-default\">B2B plataforma.<\/h4>\t\t<\/div>\n\t\t\t\t<\/div>\n\t\t\t\t<div class=\"elementor-element elementor-element-d0950cf wpr-stt-btn-align-fixed wpr-stt-btn-align-fixed-right elementor-widget elementor-widget-wpr-back-to-top\" data-id=\"d0950cf\" data-element_type=\"widget\" data-widget_type=\"wpr-back-to-top.default\">\n\t\t\t\t<div class=\"elementor-widget-container\">\n\t\t\t<div class=\"wpr-stt-wrapper\"><div class='wpr-stt-btn' data-settings='{&quot;animation&quot;:&quot;fade&quot;,&quot;animationOffset&quot;:&quot;0&quot;,&quot;animationDuration&quot;:&quot;200&quot;,&quot;fixed&quot;:&quot;fixed&quot;,&quot;scrolAnim&quot;:&quot;800&quot;}'><span class=\"wpr-stt-icon\"><svg class=\"e-font-icon-svg e-fas-chevron-up\" viewBox=\"0 0 448 512\" xmlns=\"http:\/\/www.w3.org\/2000\/svg\"><path d=\"M240.971 130.524l194.343 194.343c9.373 9.373 9.373 24.569 0 33.941l-22.667 22.667c-9.357 9.357-24.522 9.375-33.901.04L224 227.495 69.255 381.516c-9.379 9.335-24.544 9.317-33.901-.04l-22.667-22.667c-9.373-9.373-9.373-24.569 0-33.941L207.03 130.525c9.372-9.373 24.568-9.373 33.941-.001z\"><\/path><\/svg><\/span><\/div><\/div>\t\t<\/div>\n\t\t\t\t<\/div>\n\t\t\t\t\t<\/div>\n\t\t<\/div>\n\t\t\t\t<div class=\"elementor-column elementor-col-25 elementor-top-column elementor-element elementor-element-803a8ff\" data-id=\"803a8ff\" data-element_type=\"column\">\n\t\t\t<div class=\"elementor-widget-wrap\">\n\t\t\t\t\t\t\t<\/div>\n\t\t<\/div>\n\t\t\t\t<div class=\"elementor-column elementor-col-25 elementor-top-column elementor-element elementor-element-e0ab84d\" data-id=\"e0ab84d\" data-element_type=\"column\">\n\t\t\t<div class=\"elementor-widget-wrap elementor-element-populated\">\n\t\t\t\t\t\t<section class=\"elementor-section elementor-inner-section elementor-element elementor-element-191083f elementor-section-full_width elementor-section-height-default elementor-section-height-default wpr-particle-no wpr-jarallax-no wpr-parallax-no wpr-sticky-section-no\" data-id=\"191083f\" data-element_type=\"section\">\n\t\t\t\t\t\t<div class=\"elementor-container elementor-column-gap-no\">\n\t\t\t\t\t<div class=\"elementor-column elementor-col-50 elementor-inner-column elementor-element elementor-element-5b927ec animated-slow elementor-invisible\" data-id=\"5b927ec\" data-element_type=\"column\" data-settings=\"{&quot;animation&quot;:&quot;h-neuron-animation--tiltUp&quot;,&quot;animation_delay&quot;:300}\">\n\t\t\t<div class=\"elementor-widget-wrap\">\n\t\t\t\t\t\t\t<\/div>\n\t\t<\/div>\n\t\t\t\t<div class=\"elementor-column elementor-col-50 elementor-inner-column elementor-element elementor-element-4e011e2 animated-slow elementor-invisible\" data-id=\"4e011e2\" data-element_type=\"column\" data-settings=\"{&quot;animation&quot;:&quot;h-neuron-animation--slideUp&quot;,&quot;animation_delay&quot;:300}\">\n\t\t\t<div class=\"elementor-widget-wrap elementor-element-populated\">\n\t\t\t\t\t\t<div class=\"elementor-element elementor-element-7175f0e elementor-hidden-tablet elementor-hidden-mobile elementor-widget elementor-widget-heading\" data-id=\"7175f0e\" data-element_type=\"widget\" data-widget_type=\"heading.default\">\n\t\t\t\t<div class=\"elementor-widget-container\">\n\t\t\t<span class=\"elementor-heading-title elementor-size-default\">VOOLCAN GRUPO<\/span>\t\t<\/div>\n\t\t\t\t<\/div>\n\t\t\t\t<div class=\"elementor-element elementor-element-337c061 elementor-align-right elementor-hidden-tablet elementor-hidden-mobile elementor-icon-list--layout-traditional elementor-list-item-link-full_width elementor-widget elementor-widget-icon-list\" data-id=\"337c061\" data-element_type=\"widget\" data-widget_type=\"icon-list.default\">\n\t\t\t\t<div class=\"elementor-widget-container\">\n\t\t\t\t\t<ul class=\"elementor-icon-list-items\">\n\t\t\t\t\t\t\t<li class=\"elementor-icon-list-item\">\n\t\t\t\t\t\t\t\t\t\t\t<a href=\"mailto:hello@selenamartinez.com\">\n\n\t\t\t\t\t\t\t\t\t\t\t<span class=\"elementor-icon-list-text\">info@voolcangrupo.com<\/span>\n\t\t\t\t\t\t\t\t\t\t\t<\/a>\n\t\t\t\t\t\t\t\t\t<\/li>\n\t\t\t\t\t\t\t\t<li class=\"elementor-icon-list-item\">\n\t\t\t\t\t\t\t\t\t\t\t<a href=\"tel:+34%20621%20513%20385%20456\">\n\n\t\t\t\t\t\t\t\t\t\t\t<span class=\"elementor-icon-list-text\">(+34) 96 229 52 83<\/span>\n\t\t\t\t\t\t\t\t\t\t\t<\/a>\n\t\t\t\t\t\t\t\t\t<\/li>\n\t\t\t\t\t\t<\/ul>\n\t\t\t\t<\/div>\n\t\t\t\t<\/div>\n\t\t\t\t\t<\/div>\n\t\t<\/div>\n\t\t\t\t\t<\/div>\n\t\t<\/section>\n\t\t\t\t\t<\/div>\n\t\t<\/div>\n\t\t\t\t\t<\/div>\n\t\t<\/section>\n\t\t<div class=\"elementor-element elementor-element-eaeb0a0 e-con-full e-flex wpr-particle-no wpr-jarallax-no wpr-parallax-no wpr-sticky-section-no e-con e-parent\" data-id=\"eaeb0a0\" data-element_type=\"container\">\n\t\t<div class=\"elementor-element elementor-element-93bf343 e-con-full e-flex wpr-particle-no wpr-jarallax-no wpr-parallax-no wpr-sticky-section-no e-con e-child\" data-id=\"93bf343\" data-element_type=\"container\">\n\t\t\t\t<div class=\"elementor-element elementor-element-593f0c4 elementor-widget elementor-widget-text-editor\" data-id=\"593f0c4\" data-element_type=\"widget\" data-widget_type=\"text-editor.default\">\n\t\t\t\t<div class=\"elementor-widget-container\">\n\t\t\t\t\t\t\t<p>Descubre una forma innovadora de gestionar y acceder a los productos de Voolcan Grupo con nuestra plataforma B2B. Dise\u00f1ada para ofrecerte una navegaci\u00f3n \u00e1gil y pr\u00e1ctica, te permite explorar cat\u00e1logos actualizados al instante, seleccionar materiales con precisi\u00f3n y descargar informaci\u00f3n t\u00e9cnica detallada sobre nuestras colecciones. Adem\u00e1s, cuenta con un potente motor de b\u00fasqueda con filtros avanzados, que facilita encontrar justo lo que necesitas. Todo lo que necesitas, a un solo clic.<\/p>\t\t\t\t\t\t<\/div>\n\t\t\t\t<\/div>\n\t\t<div class=\"elementor-element elementor-element-f211f9d e-grid e-con-full wpr-particle-no wpr-jarallax-no wpr-parallax-no wpr-sticky-section-no e-con e-child\" data-id=\"f211f9d\" data-element_type=\"container\">\n\t\t\t\t<div class=\"elementor-element elementor-element-d8a9d76 elementor-widget elementor-widget-button\" data-id=\"d8a9d76\" data-element_type=\"widget\" data-widget_type=\"button.default\">\n\t\t\t\t<div class=\"elementor-widget-container\">\n\t\t\t\t\t<div class=\"elementor-button-wrapper\">\n\t\t\t<a class=\"elementor-button elementor-button-link elementor-size-sm\" href=\"https:\/\/b2b.voolcangrupo.com:4431\/\" target=\"_blank\">\n\t\t\t\t\t\t<span class=\"elementor-button-content-wrapper\">\n\t\t\t\t\t\t<span class=\"elementor-button-icon\">\n\t\t\t\t<i aria-hidden=\"true\" class=\"n-icon n-icon-arrow\"><\/i>\t\t\t<\/span>\n\t\t\t\t\t\t\t\t\t<span class=\"elementor-button-text\">DESCUBRE<\/span>\n\t\t\t\t\t<\/span>\n\t\t\t\t\t<\/a>\n\t\t<\/div>\n\t\t\t\t<\/div>\n\t\t\t\t<\/div>\n\t\t\t\t<div class=\"elementor-element elementor-element-bbc176d elementor-widget elementor-widget-button\" data-id=\"bbc176d\" data-element_type=\"widget\" data-widget_type=\"button.default\">\n\t\t\t\t<div class=\"elementor-widget-container\">\n\t\t\t\t\t<div class=\"elementor-button-wrapper\">\n\t\t\t<a class=\"elementor-button elementor-button-link elementor-size-sm\" href=\"https:\/\/voolcangrupo.com\/es\/login-b2b\/\" target=\"_blank\">\n\t\t\t\t\t\t<span class=\"elementor-button-content-wrapper\">\n\t\t\t\t\t\t<span class=\"elementor-button-icon\">\n\t\t\t\t<i aria-hidden=\"true\" class=\"n-icon n-icon-arrow\"><\/i>\t\t\t<\/span>\n\t\t\t\t\t\t\t\t\t<span class=\"elementor-button-text\">Solicitar acceso<\/span>\n\t\t\t\t\t<\/span>\n\t\t\t\t\t<\/a>\n\t\t<\/div>\n\t\t\t\t<\/div>\n\t\t\t\t<\/div>\n\t\t\t\t<\/div>\n\t\t\t\t<\/div>\n\t\t<div class=\"elementor-element elementor-element-cb24fe1 e-con-full e-flex wpr-particle-no wpr-jarallax-no wpr-parallax-no wpr-sticky-section-no e-con e-child\" data-id=\"cb24fe1\" data-element_type=\"container\">\n\t\t\t\t<div class=\"elementor-element elementor-element-931eac8 elementor-widget elementor-widget-image\" data-id=\"931eac8\" data-element_type=\"widget\" data-widget_type=\"image.default\">\n\t\t\t\t<div class=\"elementor-widget-container\">\n\t\t\t\t\t\t\t\t\t\t\t\t\t<img fetchpriority=\"high\" decoding=\"async\" width=\"1024\" height=\"731\" src=\"https:\/\/voolcangrupo.com\/wp-content\/uploads\/2024\/10\/00-1024x731.jpg\" class=\"attachment-large size-large wp-image-6922\" alt=\"\" srcset=\"https:\/\/voolcangrupo.com\/wp-content\/uploads\/2024\/10\/00-1024x731.jpg 1024w, https:\/\/voolcangrupo.com\/wp-content\/uploads\/2024\/10\/00-300x214.jpg 300w, https:\/\/voolcangrupo.com\/wp-content\/uploads\/2024\/10\/00-768x549.jpg 768w, https:\/\/voolcangrupo.com\/wp-content\/uploads\/2024\/10\/00.jpg 1400w\" sizes=\"(max-width: 1024px) 100vw, 1024px\" \/>\t\t\t\t\t\t\t\t\t\t\t\t\t<\/div>\n\t\t\t\t<\/div>\n\t\t\t\t<\/div>\n\t\t\t\t<\/div>\n\t\t\t\t<\/div>\n\t\t","protected":false},"excerpt":{"rendered":"<p>B2B plataforma. VOOLCAN GRUPO info@voolcangrupo.com (+34) 96 229 52 83 Descubre una forma innovadora de gestionar y acceder a los productos de Voolcan Grupo con nuestra plataforma B2B. Dise\u00f1ada para ofrecerte una navegaci\u00f3n \u00e1gil y pr\u00e1ctica, te permite explorar cat\u00e1logos actualizados al instante, seleccionar materiales con precisi\u00f3n y descargar informaci\u00f3n t\u00e9cnica detallada sobre nuestras colecciones. Adem\u00e1s, cuenta con un potente motor de b\u00fasqueda con filtros avanzados, que facilita encontrar justo lo que necesitas. Todo lo que necesitas, a un solo clic. DESCUBRE Solicitar acceso<\/p>\n","protected":false},"author":1,"featured_media":0,"parent":0,"menu_order":0,"comment_status":"closed","ping_status":"closed","template":"elementor_header_footer","meta":{"content-type":"","footnotes":""},"class_list":["post-8130","page","type-page","status-publish","hentry"],"_links":{"self":[{"href":"https:\/\/voolcangrupo.com\/es\/wp-json\/wp\/v2\/pages\/8130","targetHints":{"allow":["GET"]}}],"collection":[{"href":"https:\/\/voolcangrupo.com\/es\/wp-json\/wp\/v2\/pages"}],"about":[{"href":"https:\/\/voolcangrupo.com\/es\/wp-json\/wp\/v2\/types\/page"}],"author":[{"embeddable":true,"href":"https:\/\/voolcangrupo.com\/es\/wp-json\/wp\/v2\/users\/1"}],"replies":[{"embeddable":true,"href":"https:\/\/voolcangrupo.com\/es\/wp-json\/wp\/v2\/comments?post=8130"}],"version-history":[{"count":12,"href":"https:\/\/voolcangrupo.com\/es\/wp-json\/wp\/v2\/pages\/8130\/revisions"}],"predecessor-version":[{"id":8568,"href":"https:\/\/voolcangrupo.com\/es\/wp-json\/wp\/v2\/pages\/8130\/revisions\/8568"}],"wp:attachment":[{"href":"https:\/\/voolcangrupo.com\/es\/wp-json\/wp\/v2\/media?parent=8130"}],"curies":[{"name":"wp","href":"https:\/\/api.w.org\/{rel}","templated":true}]}}