{"id":8148,"date":"2022-11-03T00:11:08","date_gmt":"2022-11-02T23:11:08","guid":{"rendered":"https:\/\/voolcangrupo.com\/news\/"},"modified":"2025-02-25T11:47:12","modified_gmt":"2025-02-25T10:47:12","slug":"news","status":"publish","type":"page","link":"https:\/\/voolcangrupo.com\/es\/news\/","title":{"rendered":"Noticias"},"content":{"rendered":"\t\t<div data-elementor-type=\"wp-page\" data-elementor-id=\"8148\" class=\"elementor elementor-8148 elementor-706\">\n\t\t\t\t<div class=\"elementor-element elementor-element-92edcc9 e-flex e-con-boxed wpr-particle-no wpr-jarallax-no wpr-parallax-no wpr-sticky-section-no e-con e-parent\" data-id=\"92edcc9\" data-element_type=\"container\">\n\t\t\t\t\t<div class=\"e-con-inner\">\n\t\t\t\t<div class=\"elementor-element elementor-element-33512dc animated-slow elementor-invisible elementor-widget elementor-widget-heading\" data-id=\"33512dc\" data-element_type=\"widget\" data-settings=\"{&quot;_animation&quot;:&quot;h-neuron-animation--tiltUp&quot;,&quot;_animation_delay&quot;:300}\" data-widget_type=\"heading.default\">\n\t\t\t\t<div class=\"elementor-widget-container\">\n\t\t\t<h3 class=\"elementor-heading-title elementor-size-default\">\u00a1Innova y transforma! Descubre las \u00faltimas <br>tendencias de dise\u00f1o con Voolcan Grupo.<\/h3>\t\t<\/div>\n\t\t\t\t<\/div>\n\t\t\t\t\t<\/div>\n\t\t\t\t<\/div>\n\t\t\t\t<section class=\"elementor-section elementor-top-section elementor-element elementor-element-193840e n-arch-container--wide elementor-section-boxed elementor-section-height-default elementor-section-height-default wpr-particle-no wpr-jarallax-no wpr-parallax-no wpr-sticky-section-no\" data-id=\"193840e\" data-element_type=\"section\">\n\t\t\t\t\t\t<div class=\"elementor-container elementor-column-gap-no\">\n\t\t\t\t\t<div class=\"elementor-column elementor-col-100 elementor-top-column elementor-element elementor-element-7ec228c\" data-id=\"7ec228c\" data-element_type=\"column\">\n\t\t\t<div class=\"elementor-widget-wrap elementor-element-populated\">\n\t\t\t\t\t\t<div class=\"elementor-element elementor-element-c88e047 elementor-widget elementor-widget-neuron-breadcrumbs\" data-id=\"c88e047\" data-element_type=\"widget\" data-widget_type=\"neuron-breadcrumbs.default\">\n\t\t\t\t<div class=\"elementor-widget-container\">\n\t\t\t\n\t\t\t<div class=\"m-neuron-breadcrumbs\" aria-label=\"You are here:\">\n\t\t\t\t<span class=\"m-neuron-breadcrumbs__item\"><a href=\"https:\/\/neuronthemes.com\/archzilla\/\">Home \/<\/a><\/span> <span class=\"m-neuron-breadcrumbs__separator\"> <\/span> <span class=\"m-neuron-breadcrumbs__item\" aria-current=\"page\">Noticias<\/span>\t\t\t<\/div>\n\n\t\t   \t\t<\/div>\n\t\t\t\t<\/div>\n\t\t\t\t\t<\/div>\n\t\t<\/div>\n\t\t\t\t\t<\/div>\n\t\t<\/section>\n\t\t\t\t<section class=\"elementor-section elementor-top-section elementor-element elementor-element-c0e1829 n-arch-container--wide elementor-section-boxed elementor-section-height-default elementor-section-height-default wpr-particle-no wpr-jarallax-no wpr-parallax-no wpr-sticky-section-no\" data-id=\"c0e1829\" data-element_type=\"section\">\n\t\t\t\t\t\t<div class=\"elementor-container elementor-column-gap-no\">\n\t\t\t\t\t<div class=\"elementor-column elementor-col-100 elementor-top-column elementor-element elementor-element-2e865e4\" data-id=\"2e865e4\" data-element_type=\"column\">\n\t\t\t<div class=\"elementor-widget-wrap elementor-element-populated\">\n\t\t\t\t\t\t<div class=\"elementor-element elementor-element-10431d6 l-neuron-grid-wrapper--columns__3 l-neuron-grid-wrapper-tablet--columns__2 l-neuron-grid-wrapper-mobile--columns__1 m-neuron-posts--thumbnail-top m-neuron-posts--layout-grid elementor-invisible elementor-widget elementor-widget-neuron-posts\" data-id=\"10431d6\" data-element_type=\"widget\" data-settings=\"{&quot;row_gap&quot;:{&quot;unit&quot;:&quot;px&quot;,&quot;size&quot;:96,&quot;sizes&quot;:[]},&quot;row_gap_laptop&quot;:{&quot;unit&quot;:&quot;px&quot;,&quot;size&quot;:88,&quot;sizes&quot;:[]},&quot;row_gap_tablet&quot;:{&quot;unit&quot;:&quot;px&quot;,&quot;size&quot;:56,&quot;sizes&quot;:[]},&quot;_animation&quot;:&quot;h-neuron-animation--slideUp&quot;,&quot;columns&quot;:&quot;3&quot;,&quot;columns_tablet&quot;:&quot;2&quot;,&quot;columns_mobile&quot;:&quot;1&quot;,&quot;autoplay_speed&quot;:3000,&quot;layout&quot;:&quot;grid&quot;,&quot;pagination&quot;:&quot;none&quot;,&quot;row_gap_mobile&quot;:{&quot;unit&quot;:&quot;px&quot;,&quot;size&quot;:&quot;&quot;,&quot;sizes&quot;:[]},&quot;animation&quot;:&quot;yes&quot;,&quot;neuron_animations&quot;:&quot;h-neuron-animation--slideUp&quot;,&quot;neuron_animations_duration&quot;:&quot;animated&quot;,&quot;animation_delay&quot;:0}\" data-widget_type=\"neuron-posts.default\">\n\t\t\t\t<div class=\"elementor-widget-container\">\n\t\t\t\t\t\t\t\t\t<div class=\"l-neuron-grid\" data-masonry-id=\"7a320ce4785351c19f1a7068b09af16b\">\n\t\t\t\t\t\t\t\t\t\t\t\t<article class=\"l-neuron-grid__item h-neuron-animation--wow m-neuron-post post-8512 post type-post status-publish format-standard has-post-thumbnail hentry category-noticias-es\" data-id=\"8512\">\n\t\t\t\t\t\t\t\t<div class=\"m-neuron-post__inner m-neuron-post__inner--classic\">\n        \n        <a class=\"m-neuron-post__thumbnail--link\"  href=\"https:\/\/voolcangrupo.com\/es\/2025\/11\/14\/congreso-habitat-2025\/\"><div class=\"m-neuron-post__thumbnail\"><img fetchpriority=\"high\" decoding=\"async\" width=\"1400\" height=\"603\" src=\"https:\/\/voolcangrupo.com\/wp-content\/uploads\/2025\/11\/0-3.jpg\" class=\"attachment-full size-full wp-post-image\" alt=\"\" srcset=\"https:\/\/voolcangrupo.com\/wp-content\/uploads\/2025\/11\/0-3.jpg 1400w, https:\/\/voolcangrupo.com\/wp-content\/uploads\/2025\/11\/0-3-300x129.jpg 300w, https:\/\/voolcangrupo.com\/wp-content\/uploads\/2025\/11\/0-3-1024x441.jpg 1024w, https:\/\/voolcangrupo.com\/wp-content\/uploads\/2025\/11\/0-3-768x331.jpg 768w\" sizes=\"(max-width: 1400px) 100vw, 1400px\" \/><\/div><\/a><span class=\"m-neuron-post__meta-data\"> <span class=\"date\"> 14 de noviembre de 2025<\/span> <\/span><h3 class=\"m-neuron-post__title\"><a href=\"https:\/\/voolcangrupo.com\/es\/2025\/11\/14\/congreso-habitat-2025\/\">Voolcan Grupo destaca en el Congreso H\u00e1bitat 2025 con estrategias de internacionalizaci\u00f3n<\/a><\/h3><div class=\"m-neuron-post__excerpt\">Voolcan Grupo particip\u00f3 en el Congreso H\u00e1bitat 2025, donde su agente comercial, Sergio Osan, destac\u00f3 la importancia de combinar producci\u00f3n local de calidad con estrategias de friendshoring.<\/div><div class=\"m-neuron-post__read-more\"><a href=\"https:\/\/voolcangrupo.com\/es\/2025\/11\/14\/congreso-habitat-2025\/\"><span>Read More<\/span><span class=\"m-neuron-post__read-more--icon\"><\/span><\/a><\/div>        \n    <\/div>\t\t\t\t\t\t\t<\/article>\n\t\t\t\t\t\t\t\t\t\t\t\t\t\t<article class=\"l-neuron-grid__item h-neuron-animation--wow m-neuron-post post-8473 post type-post status-publish format-standard has-post-thumbnail hentry category-noticias\" data-id=\"8473\">\n\t\t\t\t\t\t\t\t<div class=\"m-neuron-post__inner m-neuron-post__inner--classic\">\n        \n        <a class=\"m-neuron-post__thumbnail--link\"  href=\"https:\/\/voolcangrupo.com\/es\/2025\/11\/13\/empresa-cepyme500-2025\/\"><div class=\"m-neuron-post__thumbnail\"><img decoding=\"async\" width=\"1400\" height=\"603\" src=\"https:\/\/voolcangrupo.com\/wp-content\/uploads\/2025\/11\/0.jpg\" class=\"attachment-full size-full wp-post-image\" alt=\"\" srcset=\"https:\/\/voolcangrupo.com\/wp-content\/uploads\/2025\/11\/0.jpg 1400w, https:\/\/voolcangrupo.com\/wp-content\/uploads\/2025\/11\/0-300x129.jpg 300w, https:\/\/voolcangrupo.com\/wp-content\/uploads\/2025\/11\/0-1024x441.jpg 1024w, https:\/\/voolcangrupo.com\/wp-content\/uploads\/2025\/11\/0-768x331.jpg 768w\" sizes=\"(max-width: 1400px) 100vw, 1400px\" \/><\/div><\/a><span class=\"m-neuron-post__meta-data\"> <span class=\"date\"> 13 de noviembre de 2025<\/span> <\/span><h3 class=\"m-neuron-post__title\"><a href=\"https:\/\/voolcangrupo.com\/es\/2025\/11\/13\/empresa-cepyme500-2025\/\">JOENFA S.L seleccionada como empresa CEPYME500 2025<\/a><\/h3><div class=\"m-neuron-post__excerpt\">JOENFA SL ha sido incluida en la lista CEPYME500 2025, que reconoce a las pymes espa\u00f1olas con mayor crecimiento y proyecci\u00f3n. El diploma, recibido el 12 de noviembre, as\u00ed<\/div><div class=\"m-neuron-post__read-more\"><a href=\"https:\/\/voolcangrupo.com\/es\/2025\/11\/13\/empresa-cepyme500-2025\/\"><span>Read More<\/span><span class=\"m-neuron-post__read-more--icon\"><\/span><\/a><\/div>        \n    <\/div>\t\t\t\t\t\t\t<\/article>\n\t\t\t\t\t\t\t\t\t\t\t\t\t\t<article class=\"l-neuron-grid__item h-neuron-animation--wow m-neuron-post post-8444 post type-post status-publish format-standard has-post-thumbnail hentry category-noticias-es\" data-id=\"8444\">\n\t\t\t\t\t\t\t\t<div class=\"m-neuron-post__inner m-neuron-post__inner--classic\">\n        \n        <a class=\"m-neuron-post__thumbnail--link\"  href=\"https:\/\/voolcangrupo.com\/es\/2025\/10\/08\/feria-habitat-valencia-2025\/\"><div class=\"m-neuron-post__thumbnail\"><img decoding=\"async\" width=\"1400\" height=\"603\" src=\"https:\/\/voolcangrupo.com\/wp-content\/uploads\/2025\/10\/Sin-titulo-5.jpg\" class=\"attachment-full size-full wp-post-image\" alt=\"\" srcset=\"https:\/\/voolcangrupo.com\/wp-content\/uploads\/2025\/10\/Sin-titulo-5.jpg 1400w, https:\/\/voolcangrupo.com\/wp-content\/uploads\/2025\/10\/Sin-titulo-5-300x129.jpg 300w, https:\/\/voolcangrupo.com\/wp-content\/uploads\/2025\/10\/Sin-titulo-5-1024x441.jpg 1024w, https:\/\/voolcangrupo.com\/wp-content\/uploads\/2025\/10\/Sin-titulo-5-768x331.jpg 768w\" sizes=\"(max-width: 1400px) 100vw, 1400px\" \/><\/div><\/a><span class=\"m-neuron-post__meta-data\"> <span class=\"date\"> 8 de octubre de 2025<\/span> <\/span><h3 class=\"m-neuron-post__title\"><a href=\"https:\/\/voolcangrupo.com\/es\/2025\/10\/08\/feria-habitat-valencia-2025\/\">Voolcan Grupo deslumbra en Feria H\u00e1bitat Valencia 2025<\/a><\/h3><div class=\"m-neuron-post__excerpt\">Voolcan Grupo particip\u00f3 en Feria H\u00e1bitat Valencia 2025 con una propuesta que uni\u00f3 dise\u00f1o, innovaci\u00f3n y experiencias inmersivas. Sus marcas \u2014Joenfa, SKLD Studio, Skyline Design y Voolcan Full Contract\u2014<\/div><div class=\"m-neuron-post__read-more\"><a href=\"https:\/\/voolcangrupo.com\/es\/2025\/10\/08\/feria-habitat-valencia-2025\/\"><span>Read More<\/span><span class=\"m-neuron-post__read-more--icon\"><\/span><\/a><\/div>        \n    <\/div>\t\t\t\t\t\t\t<\/article>\n\t\t\t\t\t\t\t\t\t\t\t\t\t\t<article class=\"l-neuron-grid__item h-neuron-animation--wow m-neuron-post post-8397 post type-post status-publish format-standard has-post-thumbnail hentry category-noticias-es\" data-id=\"8397\">\n\t\t\t\t\t\t\t\t<div class=\"m-neuron-post__inner m-neuron-post__inner--classic\">\n        \n        <a class=\"m-neuron-post__thumbnail--link\"  href=\"https:\/\/voolcangrupo.com\/es\/2025\/05\/29\/medalla-gratitud-valencia\/\"><div class=\"m-neuron-post__thumbnail\"><img loading=\"lazy\" decoding=\"async\" width=\"1400\" height=\"603\" src=\"https:\/\/voolcangrupo.com\/wp-content\/uploads\/2025\/05\/Sin-titulo-1.jpg\" class=\"attachment-full size-full wp-post-image\" alt=\"\" srcset=\"https:\/\/voolcangrupo.com\/wp-content\/uploads\/2025\/05\/Sin-titulo-1.jpg 1400w, https:\/\/voolcangrupo.com\/wp-content\/uploads\/2025\/05\/Sin-titulo-1-300x129.jpg 300w, https:\/\/voolcangrupo.com\/wp-content\/uploads\/2025\/05\/Sin-titulo-1-1024x441.jpg 1024w, https:\/\/voolcangrupo.com\/wp-content\/uploads\/2025\/05\/Sin-titulo-1-768x331.jpg 768w\" sizes=\"(max-width: 1400px) 100vw, 1400px\" \/><\/div><\/a><span class=\"m-neuron-post__meta-data\"> <span class=\"date\"> 29 de mayo de 2025<\/span> <\/span><h3 class=\"m-neuron-post__title\"><a href=\"https:\/\/voolcangrupo.com\/es\/2025\/05\/29\/medalla-gratitud-valencia\/\">Voolcan Grupo recibe la Medalla de la Gratitud de la ciutat de Val\u00e8ncia<\/a><\/h3><div class=\"m-neuron-post__excerpt\">Voolcan Grupo has been recognized by the City Council of Val\u00e8ncia with the Medal of Gratitude for its involvement during the Campanar fire in February 2024. The award ceremony...<\/div><div class=\"m-neuron-post__read-more\"><a href=\"https:\/\/voolcangrupo.com\/es\/2025\/05\/29\/medalla-gratitud-valencia\/\"><span>Read More<\/span><span class=\"m-neuron-post__read-more--icon\"><\/span><\/a><\/div>        \n    <\/div>\t\t\t\t\t\t\t<\/article>\n\t\t\t\t\t\t\t\t\t\t\t\t\t\t<article class=\"l-neuron-grid__item h-neuron-animation--wow m-neuron-post post-8497 post type-post status-publish format-standard has-post-thumbnail hentry category-noticias-es\" data-id=\"8497\">\n\t\t\t\t\t\t\t\t<div class=\"m-neuron-post__inner m-neuron-post__inner--classic\">\n        \n        <a class=\"m-neuron-post__thumbnail--link\"  href=\"https:\/\/voolcangrupo.com\/es\/2024\/10\/16\/voolcan-grupo-fhav2024\/\"><div class=\"m-neuron-post__thumbnail\"><img loading=\"lazy\" decoding=\"async\" width=\"1400\" height=\"603\" src=\"https:\/\/voolcangrupo.com\/wp-content\/uploads\/2024\/10\/Portada-1.jpg\" class=\"attachment-full size-full wp-post-image\" alt=\"\" srcset=\"https:\/\/voolcangrupo.com\/wp-content\/uploads\/2024\/10\/Portada-1.jpg 1400w, https:\/\/voolcangrupo.com\/wp-content\/uploads\/2024\/10\/Portada-1-300x129.jpg 300w, https:\/\/voolcangrupo.com\/wp-content\/uploads\/2024\/10\/Portada-1-1024x441.jpg 1024w, https:\/\/voolcangrupo.com\/wp-content\/uploads\/2024\/10\/Portada-1-768x331.jpg 768w\" sizes=\"(max-width: 1400px) 100vw, 1400px\" \/><\/div><\/a><span class=\"m-neuron-post__meta-data\"> <span class=\"date\"> 16 de octubre de 2024<\/span> <\/span><h3 class=\"m-neuron-post__title\"><a href=\"https:\/\/voolcangrupo.com\/es\/2024\/10\/16\/voolcan-grupo-fhav2024\/\">Voolcan Grupo brilla en Feria H\u00e1bitat Valencia 2024: \u00a1Gracias por formar parte!<\/a><\/h3><div class=\"m-neuron-post__excerpt\">Feria H\u00e1bitat Valencia 2024 fue todo un \u00e9xito, con Joenfa y SKLD Studio presentando innovadoras colecciones que cautivaron a los asistentes. Voolcan Grupo agradece todo el apoyo recibido y<\/div><div class=\"m-neuron-post__read-more\"><a href=\"https:\/\/voolcangrupo.com\/es\/2024\/10\/16\/voolcan-grupo-fhav2024\/\"><span>Read More<\/span><span class=\"m-neuron-post__read-more--icon\"><\/span><\/a><\/div>        \n    <\/div>\t\t\t\t\t\t\t<\/article>\n\t\t\t\t\t\t\t\t\t\t\t<\/div>\n\t\t\t\n\t\t\t\t<\/div>\n\t\t\t\t<\/div>\n\t\t\t\t<div class=\"elementor-element elementor-element-cd95887 elementor-widget-divider--view-line elementor-widget elementor-widget-divider\" data-id=\"cd95887\" data-element_type=\"widget\" data-widget_type=\"divider.default\">\n\t\t\t\t<div class=\"elementor-widget-container\">\n\t\t\t\t\t<div class=\"elementor-divider\">\n\t\t\t<span class=\"elementor-divider-separator\">\n\t\t\t\t\t\t<\/span>\n\t\t<\/div>\n\t\t\t\t<\/div>\n\t\t\t\t<\/div>\n\t\t\t\t\t<\/div>\n\t\t<\/div>\n\t\t\t\t\t<\/div>\n\t\t<\/section>\n\t\t\t\t<\/div>\n\t\t","protected":false},"excerpt":{"rendered":"<p>\u00a1Innova y transforma! Descubre las \u00faltimas tendencias de dise\u00f1o con Voolcan Grupo. Home \/ Noticias<\/p>\n","protected":false},"author":1,"featured_media":0,"parent":0,"menu_order":0,"comment_status":"closed","ping_status":"closed","template":"","meta":{"content-type":"","footnotes":""},"class_list":["post-8148","page","type-page","status-publish","hentry"],"_links":{"self":[{"href":"https:\/\/voolcangrupo.com\/es\/wp-json\/wp\/v2\/pages\/8148","targetHints":{"allow":["GET"]}}],"collection":[{"href":"https:\/\/voolcangrupo.com\/es\/wp-json\/wp\/v2\/pages"}],"about":[{"href":"https:\/\/voolcangrupo.com\/es\/wp-json\/wp\/v2\/types\/page"}],"author":[{"embeddable":true,"href":"https:\/\/voolcangrupo.com\/es\/wp-json\/wp\/v2\/users\/1"}],"replies":[{"embeddable":true,"href":"https:\/\/voolcangrupo.com\/es\/wp-json\/wp\/v2\/comments?post=8148"}],"version-history":[{"count":4,"href":"https:\/\/voolcangrupo.com\/es\/wp-json\/wp\/v2\/pages\/8148\/revisions"}],"predecessor-version":[{"id":8155,"href":"https:\/\/voolcangrupo.com\/es\/wp-json\/wp\/v2\/pages\/8148\/revisions\/8155"}],"wp:attachment":[{"href":"https:\/\/voolcangrupo.com\/es\/wp-json\/wp\/v2\/media?parent=8148"}],"curies":[{"name":"wp","href":"https:\/\/api.w.org\/{rel}","templated":true}]}}