{"id":8947,"date":"2026-01-13T13:58:16","date_gmt":"2026-01-13T12:58:16","guid":{"rendered":"https:\/\/voolcangrupo.com\/?page_id=8947"},"modified":"2026-01-13T15:16:44","modified_gmt":"2026-01-13T14:16:44","slug":"comercial-administrativo","status":"publish","type":"page","link":"https:\/\/voolcangrupo.com\/es\/comercial-administrativo\/","title":{"rendered":"Comercial Administrativo"},"content":{"rendered":"\t\t<div data-elementor-type=\"wp-page\" data-elementor-id=\"8947\" class=\"elementor elementor-8947\">\n\t\t\t\t<div class=\"elementor-element elementor-element-b9f256d e-con-full e-flex wpr-particle-no wpr-jarallax-no wpr-parallax-no wpr-sticky-section-no e-con e-parent\" data-id=\"b9f256d\" data-element_type=\"container\">\n\t\t\t\t<div class=\"elementor-element elementor-element-cebe0b6 elementor-widget elementor-widget-image\" data-id=\"cebe0b6\" data-element_type=\"widget\" data-widget_type=\"image.default\">\n\t\t\t\t<div class=\"elementor-widget-container\">\n\t\t\t\t\t\t\t\t\t\t\t\t\t<img fetchpriority=\"high\" decoding=\"async\" width=\"1920\" height=\"526\" src=\"https:\/\/voolcangrupo.com\/wp-content\/uploads\/2026\/01\/01.jpg\" class=\"attachment-full size-full wp-image-8746\" alt=\"\" srcset=\"https:\/\/voolcangrupo.com\/wp-content\/uploads\/2026\/01\/01.jpg 1920w, https:\/\/voolcangrupo.com\/wp-content\/uploads\/2026\/01\/01-300x82.jpg 300w, https:\/\/voolcangrupo.com\/wp-content\/uploads\/2026\/01\/01-1024x281.jpg 1024w, https:\/\/voolcangrupo.com\/wp-content\/uploads\/2026\/01\/01-768x210.jpg 768w, https:\/\/voolcangrupo.com\/wp-content\/uploads\/2026\/01\/01-1536x421.jpg 1536w\" sizes=\"(max-width: 1920px) 100vw, 1920px\" \/>\t\t\t\t\t\t\t\t\t\t\t\t\t<\/div>\n\t\t\t\t<\/div>\n\t\t\t\t<\/div>\n\t\t\t\t<section class=\"elementor-section elementor-top-section elementor-element elementor-element-1f398dd n-arch-container--wide elementor-section-boxed elementor-section-height-default elementor-section-height-default wpr-particle-no wpr-jarallax-no wpr-parallax-no wpr-sticky-section-no\" data-id=\"1f398dd\" data-element_type=\"section\">\n\t\t\t\t\t\t<div class=\"elementor-container elementor-column-gap-no\">\n\t\t\t\t\t<div class=\"elementor-column elementor-col-100 elementor-top-column elementor-element elementor-element-ddf6a21\" data-id=\"ddf6a21\" data-element_type=\"column\">\n\t\t\t<div class=\"elementor-widget-wrap elementor-element-populated\">\n\t\t\t\t\t\t<div class=\"elementor-element elementor-element-2fc93e0 elementor-align-left elementor-widget elementor-widget-button\" data-id=\"2fc93e0\" data-element_type=\"widget\" data-widget_type=\"button.default\">\n\t\t\t\t<div class=\"elementor-widget-container\">\n\t\t\t\t\t<div class=\"elementor-button-wrapper\">\n\t\t\t<a class=\"elementor-button elementor-button-link elementor-size-sm\" href=\"https:\/\/voolcangrupo.com\/es\/ofertas\/\">\n\t\t\t\t\t\t<span class=\"elementor-button-content-wrapper\">\n\t\t\t\t\t\t<span class=\"elementor-button-icon\">\n\t\t\t\t<i aria-hidden=\"true\" class=\"n-icon n-icon-arrow-left\"><\/i>\t\t\t<\/span>\n\t\t\t\t\t\t\t\t\t<span class=\"elementor-button-text\">VOLVER A OFERTAS<\/span>\n\t\t\t\t\t<\/span>\n\t\t\t\t\t<\/a>\n\t\t<\/div>\n\t\t\t\t<\/div>\n\t\t\t\t<\/div>\n\t\t\t\t\t<\/div>\n\t\t<\/div>\n\t\t\t\t\t<\/div>\n\t\t<\/section>\n\t\t<div class=\"elementor-element elementor-element-fd24675 e-flex e-con-boxed wpr-particle-no wpr-jarallax-no wpr-parallax-no wpr-sticky-section-no e-con e-parent\" data-id=\"fd24675\" data-element_type=\"container\">\n\t\t\t\t\t<div class=\"e-con-inner\">\n\t\t<div class=\"elementor-element elementor-element-379ae33 e-con-full e-flex wpr-particle-no wpr-jarallax-no wpr-parallax-no wpr-sticky-section-no e-con e-child\" data-id=\"379ae33\" data-element_type=\"container\">\n\t\t\t\t<div class=\"elementor-element elementor-element-e9d2a9c elementor-widget elementor-widget-text-editor\" data-id=\"e9d2a9c\" data-element_type=\"widget\" data-widget_type=\"text-editor.default\">\n\t\t\t\t<div class=\"elementor-widget-container\">\n\t\t\t\t\t\t\t<p>Comercial Administrativo\/a<\/p>\t\t\t\t\t\t<\/div>\n\t\t\t\t<\/div>\n\t\t\t\t<\/div>\n\t\t<div class=\"elementor-element elementor-element-8fcb6d4 e-con-full e-flex wpr-particle-no wpr-jarallax-no wpr-parallax-no wpr-sticky-section-no e-con e-child\" data-id=\"8fcb6d4\" data-element_type=\"container\">\n\t\t\t\t<div class=\"elementor-element elementor-element-1f2a8f8 elementor-align-right elementor-mobile-align-left elementor-widget elementor-widget-button\" data-id=\"1f2a8f8\" data-element_type=\"widget\" data-widget_type=\"button.default\">\n\t\t\t\t<div class=\"elementor-widget-container\">\n\t\t\t\t\t<div class=\"elementor-button-wrapper\">\n\t\t\t<a class=\"elementor-button elementor-button-link elementor-size-sm\" href=\"mailto:bea@voolcangrupo.com?subject=CV%20-%20Comercial%20Administrativo\/a\">\n\t\t\t\t\t\t<span class=\"elementor-button-content-wrapper\">\n\t\t\t\t\t\t\t\t\t<span class=\"elementor-button-text\">INSCR\u00cdBETE A ESTA OFERTA<\/span>\n\t\t\t\t\t<\/span>\n\t\t\t\t\t<\/a>\n\t\t<\/div>\n\t\t\t\t<\/div>\n\t\t\t\t<\/div>\n\t\t\t\t<\/div>\n\t\t\t\t\t<\/div>\n\t\t\t\t<\/div>\n\t\t<div class=\"elementor-element elementor-element-185aefd e-flex e-con-boxed wpr-particle-no wpr-jarallax-no wpr-parallax-no wpr-sticky-section-no e-con e-parent\" data-id=\"185aefd\" data-element_type=\"container\">\n\t\t\t\t\t<div class=\"e-con-inner\">\n\t\t<div class=\"elementor-element elementor-element-0c0db2e e-con-full e-flex wpr-particle-no wpr-jarallax-no wpr-parallax-no wpr-sticky-section-no e-con e-child\" data-id=\"0c0db2e\" data-element_type=\"container\">\n\t\t\t\t<div class=\"elementor-element elementor-element-708fd78 elementor-widget elementor-widget-text-editor\" data-id=\"708fd78\" data-element_type=\"widget\" data-widget_type=\"text-editor.default\">\n\t\t\t\t<div class=\"elementor-widget-container\">\n\t\t\t\t\t\t\t<p style=\"font-family: 'POPPINS';\" data-path-to-node=\"4\">En Voolcan Grupo somos unos apasionados del dise\u00f1o, la artesan\u00eda y la innovaci\u00f3n. Para nosotros, no solo se trata de fabricar muebles, sino de crear el escenario de los mejores momentos de la gente.<\/p>\n<p style=\"font-family: 'POPPINS';\" data-path-to-node=\"5\">Creemos en el trabajo bien hecho y en la fuerza de un equipo que comparte una misma visi\u00f3n: llevar la excelencia de nuestras marcas, a proyectos y hogares de todo el mundo. Aqu\u00ed valoramos la iniciativa, la profesionalidad y las ganas de formar parte de un grupo s\u00f3lido en constante crecimiento, donde cada persona cuenta para que el resultado final sea impecable.<\/p>\n<p style=\"font-family: 'POPPINS';\" data-path-to-node=\"6\">Actualmente estamos buscando a una persona para el puesto de <span style=\"text-decoration: underline;\"><strong>Comercial Administrativo\/a<\/strong><\/span> cuyas principales funciones ser\u00e1n las siguientes:<\/p>\t\t\t\t\t\t<\/div>\n\t\t\t\t<\/div>\n\t\t\t\t<div class=\"elementor-element elementor-element-d1ba278 elementor-widget elementor-widget-text-editor\" data-id=\"d1ba278\" data-element_type=\"widget\" data-widget_type=\"text-editor.default\">\n\t\t\t\t<div class=\"elementor-widget-container\">\n\t\t\t\t\t\t\t<p style=\"font-family: 'POPPINS';\" data-path-to-node=\"4\">Funciones principales<\/p>\t\t\t\t\t\t<\/div>\n\t\t\t\t<\/div>\n\t\t\t\t<div class=\"elementor-element elementor-element-8cfff65 elementor-widget elementor-widget-text-editor\" data-id=\"8cfff65\" data-element_type=\"widget\" data-widget_type=\"text-editor.default\">\n\t\t\t\t<div class=\"elementor-widget-container\">\n\t\t\t\t\t\t\t<p style=\"font-family: 'POPPINS';\" data-path-to-node=\"4\">&#8211; Gesti\u00f3n de la comunicaci\u00f3n directa y atenci\u00f3n telef\u00f3nica profesional con nuestros clientes.<\/p>\n<p style=\"font-family: 'POPPINS';\" data-path-to-node=\"4\">&#8211; Supervisi\u00f3n y seguimiento de pedidos.<\/p>\n<p style=\"font-family: 'POPPINS';\" data-path-to-node=\"4\">&#8211; Apoyo administrativo para optimizar el funcionamiento del departamento comercial. <\/p>\n<p style=\"font-family: 'POPPINS';\" data-path-to-node=\"4\">&#8211; Seguimiento y resoluci\u00f3n de consultas tras la venta para asegurar la satisfacci\u00f3n total del cliente.<\/p>\t\t\t\t\t\t<\/div>\n\t\t\t\t<\/div>\n\t\t\t\t<div class=\"elementor-element elementor-element-ad10e58 elementor-widget elementor-widget-text-editor\" data-id=\"ad10e58\" data-element_type=\"widget\" data-widget_type=\"text-editor.default\">\n\t\t\t\t<div class=\"elementor-widget-container\">\n\t\t\t\t\t\t\t<p style=\"font-family: 'POPPINS';\" data-path-to-node=\"4\">Requisitos<\/p>\t\t\t\t\t\t<\/div>\n\t\t\t\t<\/div>\n\t\t\t\t<div class=\"elementor-element elementor-element-f43e37a elementor-widget elementor-widget-text-editor\" data-id=\"f43e37a\" data-element_type=\"widget\" data-widget_type=\"text-editor.default\">\n\t\t\t\t<div class=\"elementor-widget-container\">\n\t\t\t\t\t\t\t<p style=\"font-family: 'POPPINS';\" data-path-to-node=\"4\">\n&#8211; Experiencia \/ conocimientos previos en tareas administrativas y atenci\u00f3n al cliente.<\/p>\n<p style=\"font-family: 'POPPINS';\" data-path-to-node=\"4\">&#8211; Dominio del paquete Office (especialmente Excel y Word) y gesti\u00f3n de correo electr\u00f3nico.<\/p>\n<p style=\"font-family: 'POPPINS';\" data-path-to-node=\"4\">&#8211; Habilidades comunicativas, capacidad de organizaci\u00f3n y, sobre todo, alma de equipo.<\/p>\n<p style=\"font-family: 'POPPINS';\" data-path-to-node=\"4\">&#8211; Ganas de aprender y de aportar soluciones en un entorno \u00e1gil.<\/p>\t\t\t\t\t\t<\/div>\n\t\t\t\t<\/div>\n\t\t\t\t<div class=\"elementor-element elementor-element-d170efc elementor-widget elementor-widget-text-editor\" data-id=\"d170efc\" data-element_type=\"widget\" data-widget_type=\"text-editor.default\">\n\t\t\t\t<div class=\"elementor-widget-container\">\n\t\t\t\t\t\t\t<p style=\"font-family: 'POPPINS';\" data-path-to-node=\"4\">Condiciones<\/p>\t\t\t\t\t\t<\/div>\n\t\t\t\t<\/div>\n\t\t\t\t<div class=\"elementor-element elementor-element-80fd0af elementor-widget elementor-widget-text-editor\" data-id=\"80fd0af\" data-element_type=\"widget\" data-widget_type=\"text-editor.default\">\n\t\t\t\t<div class=\"elementor-widget-container\">\n\t\t\t\t\t\t\t<p style=\"font-family: 'POPPINS';\" data-path-to-node=\"4\">\n&#8211; Contrato indefinido (tras superar el periodo de prueba inicial).<\/p>\n<p style=\"font-family: 'POPPINS';\" data-path-to-node=\"4\">&#8211; Jornada completa.<\/p>\n<p style=\"font-family: 'POPPINS';\" data-path-to-node=\"4\">&#8211; Incorporaci\u00f3n inmediata.<\/p>\t\t\t\t\t\t<\/div>\n\t\t\t\t<\/div>\n\t\t\t\t<\/div>\n\t\t<div class=\"elementor-element elementor-element-86dad45 e-con-full e-flex wpr-particle-no wpr-jarallax-no wpr-parallax-no wpr-sticky-section-no e-con e-child\" data-id=\"86dad45\" data-element_type=\"container\">\n\t\t\t\t<div class=\"elementor-element elementor-element-87fdde7 elementor-widget elementor-widget-text-editor\" data-id=\"87fdde7\" data-element_type=\"widget\" data-widget_type=\"text-editor.default\">\n\t\t\t\t<div class=\"elementor-widget-container\">\n\t\t\t\t\t\t\t<p style=\"font-family: 'POPPINS';\" data-path-to-node=\"4\"><strong>Ubicaci\u00f3n.<\/strong><\/p>\t\t\t\t\t\t<\/div>\n\t\t\t\t<\/div>\n\t\t\t\t<div class=\"elementor-element elementor-element-c7cfadf elementor-widget elementor-widget-text-editor\" data-id=\"c7cfadf\" data-element_type=\"widget\" data-widget_type=\"text-editor.default\">\n\t\t\t\t<div class=\"elementor-widget-container\">\n\t\t\t\t\t\t\t<p style=\"font-family: 'POPPINS';\" data-path-to-node=\"4\">Moixent, Valencia.<\/p>\t\t\t\t\t\t<\/div>\n\t\t\t\t<\/div>\n\t\t\t\t<div class=\"elementor-element elementor-element-2f4aaff elementor-widget-divider--view-line elementor-widget elementor-widget-divider\" data-id=\"2f4aaff\" data-element_type=\"widget\" data-widget_type=\"divider.default\">\n\t\t\t\t<div class=\"elementor-widget-container\">\n\t\t\t\t\t<div class=\"elementor-divider\">\n\t\t\t<span class=\"elementor-divider-separator\">\n\t\t\t\t\t\t<\/span>\n\t\t<\/div>\n\t\t\t\t<\/div>\n\t\t\t\t<\/div>\n\t\t\t\t<div class=\"elementor-element elementor-element-e76ceb4 elementor-widget elementor-widget-text-editor\" data-id=\"e76ceb4\" data-element_type=\"widget\" data-widget_type=\"text-editor.default\">\n\t\t\t\t<div class=\"elementor-widget-container\">\n\t\t\t\t\t\t\t<p style=\"font-family: 'POPPINS';\" data-path-to-node=\"4\"><strong>Puesto.<\/strong><\/p>\t\t\t\t\t\t<\/div>\n\t\t\t\t<\/div>\n\t\t\t\t<div class=\"elementor-element elementor-element-ee44638 elementor-widget elementor-widget-text-editor\" data-id=\"ee44638\" data-element_type=\"widget\" data-widget_type=\"text-editor.default\">\n\t\t\t\t<div class=\"elementor-widget-container\">\n\t\t\t\t\t\t\t<p style=\"font-family: 'POPPINS';\" data-path-to-node=\"4\">Comercial Administrativo\/a<\/p>\t\t\t\t\t\t<\/div>\n\t\t\t\t<\/div>\n\t\t\t\t<div class=\"elementor-element elementor-element-cf14ac6 elementor-widget-divider--view-line elementor-widget elementor-widget-divider\" data-id=\"cf14ac6\" data-element_type=\"widget\" data-widget_type=\"divider.default\">\n\t\t\t\t<div class=\"elementor-widget-container\">\n\t\t\t\t\t<div class=\"elementor-divider\">\n\t\t\t<span class=\"elementor-divider-separator\">\n\t\t\t\t\t\t<\/span>\n\t\t<\/div>\n\t\t\t\t<\/div>\n\t\t\t\t<\/div>\n\t\t\t\t<div class=\"elementor-element elementor-element-2ae55c7 elementor-widget elementor-widget-text-editor\" data-id=\"2ae55c7\" data-element_type=\"widget\" data-widget_type=\"text-editor.default\">\n\t\t\t\t<div class=\"elementor-widget-container\">\n\t\t\t\t\t\t\t<p style=\"font-family: 'POPPINS';\" data-path-to-node=\"4\"><strong>Tipo de contrato.<\/strong><\/p>\t\t\t\t\t\t<\/div>\n\t\t\t\t<\/div>\n\t\t\t\t<div class=\"elementor-element elementor-element-c0f0a7b elementor-widget elementor-widget-text-editor\" data-id=\"c0f0a7b\" data-element_type=\"widget\" data-widget_type=\"text-editor.default\">\n\t\t\t\t<div class=\"elementor-widget-container\">\n\t\t\t\t\t\t\t<p style=\"font-family: 'POPPINS';\" data-path-to-node=\"4\">Indefinido<\/p>\t\t\t\t\t\t<\/div>\n\t\t\t\t<\/div>\n\t\t\t\t<div class=\"elementor-element elementor-element-a12984b elementor-widget-divider--view-line elementor-widget elementor-widget-divider\" data-id=\"a12984b\" data-element_type=\"widget\" data-widget_type=\"divider.default\">\n\t\t\t\t<div class=\"elementor-widget-container\">\n\t\t\t\t\t<div class=\"elementor-divider\">\n\t\t\t<span class=\"elementor-divider-separator\">\n\t\t\t\t\t\t<\/span>\n\t\t<\/div>\n\t\t\t\t<\/div>\n\t\t\t\t<\/div>\n\t\t\t\t<div class=\"elementor-element elementor-element-432f6bd elementor-widget elementor-widget-text-editor\" data-id=\"432f6bd\" data-element_type=\"widget\" data-widget_type=\"text-editor.default\">\n\t\t\t\t<div class=\"elementor-widget-container\">\n\t\t\t\t\t\t\t<p style=\"font-family: 'POPPINS';\" data-path-to-node=\"4\"><strong>Jornada.<\/strong><\/p>\t\t\t\t\t\t<\/div>\n\t\t\t\t<\/div>\n\t\t\t\t<div class=\"elementor-element elementor-element-1241bfe elementor-widget elementor-widget-text-editor\" data-id=\"1241bfe\" data-element_type=\"widget\" data-widget_type=\"text-editor.default\">\n\t\t\t\t<div class=\"elementor-widget-container\">\n\t\t\t\t\t\t\t<p style=\"font-family: 'POPPINS';\" data-path-to-node=\"4\">Completa<\/p>\t\t\t\t\t\t<\/div>\n\t\t\t\t<\/div>\n\t\t\t\t<div class=\"elementor-element elementor-element-4ddcc98 elementor-widget-divider--view-line elementor-widget elementor-widget-divider\" data-id=\"4ddcc98\" data-element_type=\"widget\" data-widget_type=\"divider.default\">\n\t\t\t\t<div class=\"elementor-widget-container\">\n\t\t\t\t\t<div class=\"elementor-divider\">\n\t\t\t<span class=\"elementor-divider-separator\">\n\t\t\t\t\t\t<\/span>\n\t\t<\/div>\n\t\t\t\t<\/div>\n\t\t\t\t<\/div>\n\t\t\t\t<div class=\"elementor-element elementor-element-5783b7e elementor-widget elementor-widget-text-editor\" data-id=\"5783b7e\" data-element_type=\"widget\" data-widget_type=\"text-editor.default\">\n\t\t\t\t<div class=\"elementor-widget-container\">\n\t\t\t\t\t\t\t<p style=\"font-family: 'POPPINS';\" data-path-to-node=\"4\"><strong>Idiomas.<\/strong><\/p>\t\t\t\t\t\t<\/div>\n\t\t\t\t<\/div>\n\t\t\t\t<div class=\"elementor-element elementor-element-ae918ca elementor-widget elementor-widget-text-editor\" data-id=\"ae918ca\" data-element_type=\"widget\" data-widget_type=\"text-editor.default\">\n\t\t\t\t<div class=\"elementor-widget-container\">\n\t\t\t\t\t\t\t<p style=\"font-family: 'POPPINS';\" data-path-to-node=\"4\">Espa\u00f1ol e ingl\u00e9s (valorable)<\/p>\t\t\t\t\t\t<\/div>\n\t\t\t\t<\/div>\n\t\t\t\t<div class=\"elementor-element elementor-element-a5c0328 elementor-widget-divider--view-line elementor-widget elementor-widget-divider\" data-id=\"a5c0328\" data-element_type=\"widget\" data-widget_type=\"divider.default\">\n\t\t\t\t<div class=\"elementor-widget-container\">\n\t\t\t\t\t<div class=\"elementor-divider\">\n\t\t\t<span class=\"elementor-divider-separator\">\n\t\t\t\t\t\t<\/span>\n\t\t<\/div>\n\t\t\t\t<\/div>\n\t\t\t\t<\/div>\n\t\t\t\t<div class=\"elementor-element elementor-element-27da626 elementor-widget elementor-widget-text-editor\" data-id=\"27da626\" data-element_type=\"widget\" data-widget_type=\"text-editor.default\">\n\t\t\t\t<div class=\"elementor-widget-container\">\n\t\t\t\t\t\t\t<p style=\"font-family: 'POPPINS';\" data-path-to-node=\"4\"><strong>Incorporaci\u00f3n.<\/strong><\/p>\t\t\t\t\t\t<\/div>\n\t\t\t\t<\/div>\n\t\t\t\t<div class=\"elementor-element elementor-element-d049503 elementor-widget elementor-widget-text-editor\" data-id=\"d049503\" data-element_type=\"widget\" data-widget_type=\"text-editor.default\">\n\t\t\t\t<div class=\"elementor-widget-container\">\n\t\t\t\t\t\t\t<p style=\"font-family: 'POPPINS';\" data-path-to-node=\"4\">Inmediata<\/p>\t\t\t\t\t\t<\/div>\n\t\t\t\t<\/div>\n\t\t\t\t<\/div>\n\t\t\t\t\t<\/div>\n\t\t\t\t<\/div>\n\t\t<div class=\"elementor-element elementor-element-7f82fa6 e-flex e-con-boxed wpr-particle-no wpr-jarallax-no wpr-parallax-no wpr-sticky-section-no e-con e-parent\" data-id=\"7f82fa6\" data-element_type=\"container\">\n\t\t\t\t\t<div class=\"e-con-inner\">\n\t\t<div class=\"elementor-element elementor-element-140bc65 e-con-full e-flex wpr-particle-no wpr-jarallax-no wpr-parallax-no wpr-sticky-section-no e-con e-child\" data-id=\"140bc65\" data-element_type=\"container\">\n\t\t\t\t<div class=\"elementor-element elementor-element-7ddbd82 elementor-widget elementor-widget-text-editor\" data-id=\"7ddbd82\" data-element_type=\"widget\" data-widget_type=\"text-editor.default\">\n\t\t\t\t<div class=\"elementor-widget-container\">\n\t\t\t\t\t\t\t<p style=\"font-family: 'POPPINS';\">* En Voolcan Grupo siempre buscamos personas con talento, visi\u00f3n y ganas de aportar. Si crees que tu perfil puede encajar con nuestro equipo, aunque no sea para este puesto, no dudes en escribirnos. Cu\u00e9ntanos qui\u00e9n eres, qu\u00e9 te apasiona y c\u00f3mo tu experiencia y habilidades podr\u00edan encajar en Voolcan Grupo.<\/p>\t\t\t\t\t\t<\/div>\n\t\t\t\t<\/div>\n\t\t\t\t<div class=\"elementor-element elementor-element-8bb7dcb elementor-align-left elementor-widget elementor-widget-button\" data-id=\"8bb7dcb\" data-element_type=\"widget\" data-widget_type=\"button.default\">\n\t\t\t\t<div class=\"elementor-widget-container\">\n\t\t\t\t\t<div class=\"elementor-button-wrapper\">\n\t\t\t<a class=\"elementor-button elementor-button-link elementor-size-sm\" href=\"mailto:info@voolcangrupo.com\">\n\t\t\t\t\t\t<span class=\"elementor-button-content-wrapper\">\n\t\t\t\t\t\t\t\t\t<span class=\"elementor-button-text\">ENVIAR CV<\/span>\n\t\t\t\t\t<\/span>\n\t\t\t\t\t<\/a>\n\t\t<\/div>\n\t\t\t\t<\/div>\n\t\t\t\t<\/div>\n\t\t\t\t<\/div>\n\t\t\t\t\t<\/div>\n\t\t\t\t<\/div>\n\t\t\t\t<\/div>\n\t\t","protected":false},"excerpt":{"rendered":"<p>VOLVER A OFERTAS Comercial Administrativo\/a INSCR\u00cdBETE A ESTA OFERTA En Voolcan Grupo somos unos apasionados del dise\u00f1o, la artesan\u00eda y la innovaci\u00f3n. Para nosotros, no solo se trata de fabricar muebles, sino de crear el escenario de los mejores momentos de la gente. Creemos en el trabajo bien hecho y en la fuerza de un equipo que comparte una misma visi\u00f3n: llevar la excelencia de nuestras marcas, a proyectos y hogares de todo el mundo. Aqu\u00ed valoramos la iniciativa, la profesionalidad y las ganas de formar parte de un grupo s\u00f3lido en constante crecimiento, donde cada persona cuenta para que el resultado final sea impecable. Actualmente estamos buscando a una persona para el puesto de Comercial Administrativo\/a cuyas principales funciones ser\u00e1n las siguientes: Funciones principales &#8211; Gesti\u00f3n de la comunicaci\u00f3n directa y atenci\u00f3n telef\u00f3nica profesional con nuestros clientes. &#8211; Supervisi\u00f3n y seguimiento de pedidos. &#8211; Apoyo administrativo para optimizar el funcionamiento del departamento comercial. &#8211; Seguimiento y resoluci\u00f3n de consultas tras la venta para asegurar la satisfacci\u00f3n total del cliente. Requisitos &#8211; Experiencia \/ conocimientos previos en tareas administrativas y atenci\u00f3n al cliente. &#8211; Dominio del paquete Office (especialmente Excel y Word) y gesti\u00f3n de correo electr\u00f3nico. &#8211; Habilidades comunicativas, capacidad de organizaci\u00f3n y, sobre todo, alma de equipo. &#8211; Ganas de aprender y de aportar soluciones en un entorno \u00e1gil. Condiciones &#8211; Contrato indefinido (tras superar el periodo de prueba inicial). &#8211; Jornada completa. &#8211; Incorporaci\u00f3n inmediata. Ubicaci\u00f3n. Moixent, Valencia. Puesto. Comercial Administrativo\/a Tipo de contrato. Indefinido Jornada. Completa Idiomas. Espa\u00f1ol e ingl\u00e9s (valorable) Incorporaci\u00f3n. Inmediata * En Voolcan Grupo siempre buscamos personas con talento, visi\u00f3n y ganas de aportar. Si crees que tu perfil puede encajar con nuestro equipo, aunque no sea para este puesto, no dudes en escribirnos. Cu\u00e9ntanos qui\u00e9n eres, qu\u00e9 te apasiona y c\u00f3mo tu experiencia y habilidades podr\u00edan encajar en Voolcan Grupo. ENVIAR CV<\/p>\n","protected":false},"author":2,"featured_media":0,"parent":0,"menu_order":0,"comment_status":"closed","ping_status":"closed","template":"","meta":{"content-type":"","footnotes":""},"class_list":["post-8947","page","type-page","status-publish","hentry"],"_links":{"self":[{"href":"https:\/\/voolcangrupo.com\/es\/wp-json\/wp\/v2\/pages\/8947","targetHints":{"allow":["GET"]}}],"collection":[{"href":"https:\/\/voolcangrupo.com\/es\/wp-json\/wp\/v2\/pages"}],"about":[{"href":"https:\/\/voolcangrupo.com\/es\/wp-json\/wp\/v2\/types\/page"}],"author":[{"embeddable":true,"href":"https:\/\/voolcangrupo.com\/es\/wp-json\/wp\/v2\/users\/2"}],"replies":[{"embeddable":true,"href":"https:\/\/voolcangrupo.com\/es\/wp-json\/wp\/v2\/comments?post=8947"}],"version-history":[{"count":4,"href":"https:\/\/voolcangrupo.com\/es\/wp-json\/wp\/v2\/pages\/8947\/revisions"}],"predecessor-version":[{"id":8956,"href":"https:\/\/voolcangrupo.com\/es\/wp-json\/wp\/v2\/pages\/8947\/revisions\/8956"}],"wp:attachment":[{"href":"https:\/\/voolcangrupo.com\/es\/wp-json\/wp\/v2\/media?parent=8947"}],"curies":[{"name":"wp","href":"https:\/\/api.w.org\/{rel}","templated":true}]}}